{"id":183,"date":"2021-12-29T09:15:46","date_gmt":"2021-12-29T08:15:46","guid":{"rendered":"https:\/\/pwk.ovh\/?page_id=183"},"modified":"2022-01-01T09:35:33","modified_gmt":"2022-01-01T08:35:33","slug":"intrapreneurship","status":"publish","type":"page","link":"https:\/\/pwk.ovh\/index.php\/intrapreneurship\/","title":{"rendered":"Intrapreneuriat"},"content":{"rendered":"\n<p>Les entreprises sont souvent organis\u00e9es pour standardiser, multiplier et rendre plus efficaces les recettes qui ont d\u00e9montr\u00e9 leur r\u00e9ussite.\u00a0Concr\u00e8tement, les processus de d\u00e9cision valorisent particuli\u00e8rement des visions et \u00e9tudes analytiques, retranscrites dans des business plans cens\u00e9s pr\u00e9dire la r\u00e9ponse suppos\u00e9e du march\u00e9 et la mani\u00e8re dont le projet sera ex\u00e9cut\u00e9.\u00a0<\/p>\n\n\n\n<p>La<span class=\"has-inline-color has-luminous-vivid-amber-color\"><strong> logique entrepreneuriale<\/strong> <\/span>repose sur un processus et une mentalit\u00e9 sp\u00e9cifique, qui est aussi rigoureuse et bien connue scientifiquement, mais qui produit souvent des tensions avec le mode op\u00e9rationnel d\u2019entreprises \u00e9tablies.<\/p>\n\n\n\n<p>Dans un monde en pleine acc\u00e9l\u00e9ration, les grands d\u00e9fis \u00e9conomiques, environnementaux et technologiques de demain ne peuvent plus \u00eatre r\u00e9solus par les <strong><span class=\"has-inline-color has-luminous-vivid-amber-color\">m\u00e9thodes de management du pass\u00e9<\/span><\/strong>. Seuls <strong><span class=\"has-inline-color has-luminous-vivid-amber-color\">des \u00ab Leaders-Intrapreneurs \u00bb ma\u00eetrisant \u00e0 la fois l\u2019entrepreneuriat et la logique des organisations traditionnelles<\/span><\/strong> seront pleinement pr\u00e9par\u00e9s pour affronter de tels d\u00e9fis et permettre aux grandes organisations de d\u00e9velopper des activit\u00e9s nouvelles pouvant passer \u00e0 l\u2019\u00e9chelle. Le recours \u00e0 <strong><span class=\"has-inline-color has-luminous-vivid-amber-color\">l\u2019intrapreneurship<\/span><\/strong> est destin\u00e9 aux entreprises qui veulent mettre en place un <strong><span class=\"has-inline-color has-luminous-vivid-amber-color\">mode d\u2019organisation nouveau<\/span><\/strong> permettant de faire s\u2019\u00e9panouir les investissements en <strong><span class=\"has-inline-color has-luminous-vivid-amber-color\">Open Innovation<\/span><\/strong>.<\/p>\n","protected":false},"excerpt":{"rendered":"<p>Les entreprises sont souvent organis\u00e9es pour standardiser, multiplier et rendre plus efficaces les recettes qui ont d\u00e9montr\u00e9 leur r\u00e9ussite.\u00a0Concr\u00e8tement, les processus de d\u00e9cision valorisent particuli\u00e8rement des visions et \u00e9tudes analytiques, retranscrites dans des business plans cens\u00e9s pr\u00e9dire la r\u00e9ponse suppos\u00e9e du march\u00e9 et la mani\u00e8re dont le projet sera ex\u00e9cut\u00e9.\u00a0 La logique entrepreneuriale repose sur [&hellip;]<\/p>\n","protected":false},"author":1,"featured_media":0,"parent":0,"menu_order":0,"comment_status":"closed","ping_status":"closed","template":"","meta":[],"_links":{"self":[{"href":"https:\/\/pwk.ovh\/index.php\/wp-json\/wp\/v2\/pages\/183"}],"collection":[{"href":"https:\/\/pwk.ovh\/index.php\/wp-json\/wp\/v2\/pages"}],"about":[{"href":"https:\/\/pwk.ovh\/index.php\/wp-json\/wp\/v2\/types\/page"}],"author":[{"embeddable":true,"href":"https:\/\/pwk.ovh\/index.php\/wp-json\/wp\/v2\/users\/1"}],"replies":[{"embeddable":true,"href":"https:\/\/pwk.ovh\/index.php\/wp-json\/wp\/v2\/comments?post=183"}],"version-history":[{"count":5,"href":"https:\/\/pwk.ovh\/index.php\/wp-json\/wp\/v2\/pages\/183\/revisions"}],"predecessor-version":[{"id":247,"href":"https:\/\/pwk.ovh\/index.php\/wp-json\/wp\/v2\/pages\/183\/revisions\/247"}],"wp:attachment":[{"href":"https:\/\/pwk.ovh\/index.php\/wp-json\/wp\/v2\/media?parent=183"}],"curies":[{"name":"wp","href":"https:\/\/api.w.org\/{rel}","templated":true}]}}