{"id":180,"date":"2021-12-29T09:13:45","date_gmt":"2021-12-29T08:13:45","guid":{"rendered":"https:\/\/pwk.ovh\/?page_id=180"},"modified":"2021-12-29T16:34:29","modified_gmt":"2021-12-29T15:34:29","slug":"business-development","status":"publish","type":"page","link":"https:\/\/pwk.ovh\/index.php\/business-development\/","title":{"rendered":"Business Development"},"content":{"rendered":"\n<h3>Les r\u00f4les du Business Developer<\/h3>\n\n\n\n<p>Le r\u00f4le principal du <strong><span class=\"has-inline-color has-luminous-vivid-amber-color\">Business developer<\/span><\/strong> (Biz Dev), \u00e9galement appel\u00e9 &#8220;<strong>new business manager<\/strong>&#8221; ou &#8220;<strong>charg\u00e9 du d\u00e9veloppement<\/strong>&#8220;, consiste \u00e0 participer \u00e0 la conception et \u00e0 la r\u00e9alisation d&#8217;une strat\u00e9gie commerciale \u00e0 longs et courts termes. <strong>Il <span class=\"has-inline-color has-luminous-vivid-amber-color\">se charge d&#8217;\u00e9tudier un business plan qui pourrait faire prosp\u00e9rer la finance de l&#8217;entreprise dans un d\u00e9lai pr\u00e9 convenu<\/span><\/strong>.<\/p>\n\n\n\n<p id=\"tw-target-text\"><strong><span class=\"has-inline-color has-luminous-vivid-amber-color\">Le Business Development est le processus consistant \u00e0 cr\u00e9er de la valeur<\/span><\/strong> pour une organisation ou une entreprise. Cela comprend l&#8217;<span class=\"has-inline-color has-luminous-vivid-amber-color\"><strong>augmentation de la rentabilit\u00e9<\/strong> <\/span>et le <strong><span class=\"has-inline-color has-luminous-vivid-amber-color\">focus sur les opportunit\u00e9s<\/span><\/strong> <strong><span class=\"has-inline-color has-luminous-vivid-amber-color\">de croissanc<\/span><\/strong><span class=\"has-inline-color has-luminous-vivid-amber-color\">e<\/span> en \u00e9tablissant des liens avec des partenaires strat\u00e9giques et en prenant des d\u00e9cisions commerciales calcul\u00e9es. <\/p>\n\n\n\n<p id=\"tw-target-text\"> Afin de comprendre comment les Business Developer peuvent r\u00e9aliser cet exploit, voici une ventilation des domaines cl\u00e9s qui composent leur r\u00f4le\u00a0:<\/p>\n\n\n\n<h3><strong>1- Trouver des opportunit\u00e9s de croissance<\/strong><\/h3>\n\n\n\n<p id=\"tw-target-text\">Une entreprise doit pouvoir cro\u00eetre r\u00e9guli\u00e8rement pour \u00eatre en mesure de rivaliser avec les autres. Le Business Developer se concentrera sur l&#8217;<strong><span class=\"has-inline-color has-luminous-vivid-amber-color\">identification d&#8217;opportunit\u00e9s de croissance sp\u00e9cifiques<\/span><\/strong>. Par exemple, le Business Developer est en charge d&#8217;<strong><span class=\"has-inline-color has-luminous-vivid-amber-color\">examiner comment une entreprise peut se d\u00e9velopper sur diff\u00e9rents march\u00e9s, il peut aussi mener des recherches sur le d\u00e9veloppement de nouveaux produits ou services<\/span><\/strong>. Ces changements, \u00e0 leur tour, peuvent les aider \u00e0 acc\u00e9der \u00e0 plus de clients.  <\/p>\n\n\n\n<h3>2- <strong>Augmenter la rentabilit\u00e9<\/strong><\/h3>\n\n\n\n<p id=\"tw-target-text\">Lorsqu&#8217;on parle d&#8217;une entreprise qui augmente sa valeur, on parle g\u00e9n\u00e9ralement de b\u00e9n\u00e9fices. Bien qu&#8217;il y ait beaucoup de choses dans les yeux d&#8217;un client qui peuvent rendre une entreprise pr\u00e9cieuse, pour une entreprise, la valeur est intrins\u00e8quement li\u00e9e aux b\u00e9n\u00e9fices qu&#8217;elle g\u00e9n\u00e8re. C&#8217;est pourquoi les \u00e9quipes de Business development se concentrent souvent sur les efforts de vente. Cela peut inclure l&#8217;\u00e9largissement \u00e0 de nouveaux publics et la recherche de moyens de trouver plus de clients tout en maintenant les co\u00fbts bas. Bien que ce ne soit pas la m\u00eame chose que les ventes elles-m\u00eames, que nous aborderons bient\u00f4t, cela ressemble \u00e0 la formation de strat\u00e9gies qui aident \u00e0 augmenter les ventes.<\/p>\n\n\n\n<h3>3- <strong>Construire des relations durables<\/strong><\/h3>\n\n\n\n<p id=\"tw-target-text\">Dans le domaine du Business Developement l&#8217;accent devrait \u00e9galement \u00eatre mis sur la<strong><span class=\"has-inline-color has-luminous-vivid-amber-color\"> cr\u00e9ation de liens avec les clients et les partenaires commerciaux strat\u00e9giques<\/span><\/strong>. Par-dessus tout, le Biz Dev recherche des moyens de <strong><span class=\"has-inline-color has-luminous-vivid-amber-color\">combler le foss\u00e9 entre ce que les clients veulent ou ont besoin et ce que l&#8217;entreprise leur offre r\u00e9ellement<\/span><\/strong>. Il cherche des moyens de rendre un produit ou un service plus attrayant pour les clients sur la base de commentaires ou d&#8217;\u00e9tudes de march\u00e9, puis assurera la liaison avec d&#8217;autres d\u00e9partements, comme le marketing, le d\u00e9veloppement de produits ou les ventes, pour y arriver. <\/p>\n\n\n\n<p id=\"tw-target-text\">De m\u00eame, les relations peuvent aussi \u00eatre externes. Par exemple, pendant la phase de croissance, une petite entreprise peut avoir besoin de nouer des partenariats solides avec d&#8217;autres entreprises pour d\u00e9marrer. Alternativement, une plus grande entreprise peut aider une nouvelle entreprise avec des conseils, du capital ou m\u00eame une infrastructure si ce n&#8217;est pas encore en place. <\/p>\n\n\n\n<h2>Ventes vs d\u00e9veloppement commercial. Quelle est la diff\u00e9rence ?<\/h2>\n\n\n\n<p id=\"tw-target-text\">Comme nous l&#8217;avons vu plus t\u00f4t, le Business Developer a g\u00e9n\u00e9ralement un lien \u00e9troit avec les ventes. Mais si les objectifs et les responsabilit\u00e9s des deux d\u00e9partements: Business Development et ventes sont align\u00e9s, ils ne sont pas tout \u00e0 fait identiques. <\/p>\n\n\n\n<p id=\"tw-target-text\">En termes simples,<span class=\"has-inline-color has-luminous-vivid-amber-color\"> <strong>la vente est tactique<\/strong><\/span><strong>,<\/strong> tandis que <strong><span class=\"has-inline-color has-luminous-vivid-amber-color\">le Business Developement consiste principalement \u00e0 d\u00e9velopper une strat\u00e9gie<\/span><\/strong>. Un Business Developer adopte \u00e9galement une approche plus holistique en analysant ce qui fonctionne et ce qui peut \u00eatre am\u00e9lior\u00e9 \u00e0 long terme. En revanche, une \u00e9quipe de vente se concentrera probablement sur le succ\u00e8s \u00e0 court terme et la conclusion rapide des affaires.<\/p>\n","protected":false},"excerpt":{"rendered":"<p>Les r\u00f4les du Business Developer Le r\u00f4le principal du Business developer (Biz Dev), \u00e9galement appel\u00e9 &#8220;new business manager&#8221; ou &#8220;charg\u00e9 du d\u00e9veloppement&#8220;, consiste \u00e0 participer \u00e0 la conception et \u00e0 la r\u00e9alisation d&#8217;une strat\u00e9gie commerciale \u00e0 longs et courts termes. Il se charge d&#8217;\u00e9tudier un business plan qui pourrait faire prosp\u00e9rer la finance de l&#8217;entreprise [&hellip;]<\/p>\n","protected":false},"author":1,"featured_media":0,"parent":0,"menu_order":0,"comment_status":"closed","ping_status":"closed","template":"","meta":[],"_links":{"self":[{"href":"https:\/\/pwk.ovh\/index.php\/wp-json\/wp\/v2\/pages\/180"}],"collection":[{"href":"https:\/\/pwk.ovh\/index.php\/wp-json\/wp\/v2\/pages"}],"about":[{"href":"https:\/\/pwk.ovh\/index.php\/wp-json\/wp\/v2\/types\/page"}],"author":[{"embeddable":true,"href":"https:\/\/pwk.ovh\/index.php\/wp-json\/wp\/v2\/users\/1"}],"replies":[{"embeddable":true,"href":"https:\/\/pwk.ovh\/index.php\/wp-json\/wp\/v2\/comments?post=180"}],"version-history":[{"count":7,"href":"https:\/\/pwk.ovh\/index.php\/wp-json\/wp\/v2\/pages\/180\/revisions"}],"predecessor-version":[{"id":225,"href":"https:\/\/pwk.ovh\/index.php\/wp-json\/wp\/v2\/pages\/180\/revisions\/225"}],"wp:attachment":[{"href":"https:\/\/pwk.ovh\/index.php\/wp-json\/wp\/v2\/media?parent=180"}],"curies":[{"name":"wp","href":"https:\/\/api.w.org\/{rel}","templated":true}]}}