{"id":168,"date":"2021-12-29T08:40:49","date_gmt":"2021-12-29T07:40:49","guid":{"rendered":"https:\/\/pwk.ovh\/?page_id=168"},"modified":"2021-12-31T08:58:52","modified_gmt":"2021-12-31T07:58:52","slug":"parcours","status":"publish","type":"page","link":"https:\/\/pwk.ovh\/index.php\/parcours\/","title":{"rendered":"Parcours"},"content":{"rendered":"\n<div class=\"wp-block-image\"><figure class=\"alignleft size-large is-resized\"><img loading=\"lazy\" src=\"https:\/\/pwk.ovh\/wp-content\/uploads\/2021\/12\/Pascal-Sm.png\" alt=\"\" class=\"wp-image-235\" width=\"167\" height=\"173\" srcset=\"https:\/\/pwk.ovh\/wp-content\/uploads\/2021\/12\/Pascal-Sm.png 324w, https:\/\/pwk.ovh\/wp-content\/uploads\/2021\/12\/Pascal-Sm-290x300.png 290w\" sizes=\"(max-width: 167px) 100vw, 167px\" \/><\/figure><\/div>\n\n\n\n<p class=\"has-medium-font-size\"><span class=\"has-inline-color has-luminous-vivid-amber-color\" style=\"\"><b>De formation scientifique compl\u00e9t\u00e9e par un MBA \u00e0 l&#8217;ESSEC, ma passion est de participer \u00e0 la conception et \u00e0 la r\u00e9alisation de strat\u00e9gies \u00e0 m\u00eame de cr\u00e9er de la valeur pour un laboratoire pharmaceutique ou du secteur des sciences de la vie.<\/b><\/span><\/p>\n\n\n\n<p><\/p>\n\n\n\n<div class=\"wp-block-file\"><a href=\"https:\/\/pwk.ovh\/wp-content\/uploads\/2021\/12\/Pascal-VALLEJO29-12-2021.pdf\" class=\"wp-block-file__button\" download>Telecharger CV pdf<\/a><\/div>\n\n\n\n<h2>Business Developer<\/h2>\n\n\n\n<h4>PW&amp;K<\/h4>\n\n\n\n<p>Depuis novembre 2019<\/p>\n\n\n\n<p>Mission<\/p>\n\n\n\n<ul><li>Accompagner les organisations dans le d\u00e9veloppement de nouvelles activit\u00e9s en intrapreneuriat ou en tant que consultant externe.<\/li><\/ul>\n\n\n\n<p>BIOTEM \u2013 Laboratoire de Botechnologie<\/p>\n\n\n\n<p>Juillet 2016 \u2013 Aout 2019 (3 ans)<\/p>\n\n\n\n<p>Missions<\/p>\n\n\n\n<ul><li>D\u00e9velopper une nouvelle ligne de produits destin\u00e9s au contr\u00f4le de qualit\u00e9 alimentaire<\/li><li>Mettre en place le r\u00e9seau de distribution des produits<\/li><\/ul>\n\n\n\n<h4>PFIZER Animal Health<\/h4>\n\n\n\n<h5>Coordination fusion Am\u00e9rique latine<\/h5>\n\n\n\n<p>Avril 2009 &#8211; juillet 2011 (2 ans 4 mois)<\/p>\n\n\n\n<p><em>\u00ab&nbsp;<strong>Pfizer Animal Health<\/strong>&nbsp;\u00bb suite au rachat de la soci\u00e9t\u00e9 Synbiotics avait besoin de r\u00e9ussir<strong> l&#8217;int\u00e9gration<\/strong> de cette nouvelle activit\u00e9 au sein de ses filiales<\/em><\/p>\n\n\n\n<p>Missions<\/p>\n\n\n\n<ul><li>Coordonner la distribution des nouvelles lignes de produits au sein des filiales d\u2019Am\u00e9rique latine<\/li><li>Mettre en place un plan de formation des \u00e9quipes au sein des filiales<\/li><\/ul>\n\n\n\n<h4>ARCANATURA SAS &#8211; Biotechnologie<\/h4>\n\n\n\n<p>START-UP Secteur V\u00e9t\u00e9rinaire<\/p>\n\n\n\n<p>2014 &#8211; 2016 (2 ans)<\/p>\n\n\n\n<p>Missions<\/p>\n\n\n\n<ul><li>Accompagner l\u2019entreprise dans la d\u00e9finition de son plan strat\u00e9gique<ul><li>D\u00e9velopper le portefeuille des produits de distribution<\/li><\/ul><\/li><\/ul>\n\n\n\n<h4>VETOQUINOL \u2013 Laboratoire v\u00e9t\u00e9rinaire<\/h4>\n\n\n\n<p>Janvier 2001 &#8211; d\u00e9cembre 2002 (2 ans)<\/p>\n\n\n\n<p>Missions<\/p>\n\n\n\n<ul><li>D\u00e9velopper un r\u00e9seau de distribution en Am\u00e9rique latine et en Afrique du sud<\/li><li>Coordonner l\u2019obtention d\u2019autorisations de mise sur le march\u00e9<\/li><\/ul>\n\n\n\n<h2>Gestion de projets<\/h2>\n\n\n\n<h4>BIOMERIEUX<\/h4>\n\n\n\n<p>Janvier 2003 &#8211; 2005 &#8211; Responsable projet Vikia\u00ae HIV<\/p>\n\n\n\n<p>Missions<\/p>\n\n\n\n<ul><li>Coordonner le d\u00e9veloppement en interne d\u2019un test innovant pour la d\u00e9tection du SIDA&nbsp;: VIKIA\u00ae.HIV destin\u00e9 \u00e0 la fondation M\u00e9rieux<ul><li>Faire l\u2019interface avec les chercheurs<\/li><\/ul><ul><li>Contr\u00f4ler les co\u00fbts du projet<\/li><\/ul><ul><li>N\u00e9gocier les contrats de production des produits<\/li><\/ul><\/li><\/ul>\n\n\n\n<p><\/p>\n","protected":false},"excerpt":{"rendered":"<p>De formation scientifique compl\u00e9t\u00e9e par un MBA \u00e0 l&#8217;ESSEC, ma passion est de participer \u00e0 la conception et \u00e0 la r\u00e9alisation de strat\u00e9gies \u00e0 m\u00eame de cr\u00e9er de la valeur pour un laboratoire pharmaceutique ou du secteur des sciences de la vie. Business Developer PW&amp;K Depuis novembre 2019 Mission Accompagner les organisations dans le d\u00e9veloppement [&hellip;]<\/p>\n","protected":false},"author":1,"featured_media":0,"parent":0,"menu_order":0,"comment_status":"closed","ping_status":"closed","template":"","meta":[],"_links":{"self":[{"href":"https:\/\/pwk.ovh\/index.php\/wp-json\/wp\/v2\/pages\/168"}],"collection":[{"href":"https:\/\/pwk.ovh\/index.php\/wp-json\/wp\/v2\/pages"}],"about":[{"href":"https:\/\/pwk.ovh\/index.php\/wp-json\/wp\/v2\/types\/page"}],"author":[{"embeddable":true,"href":"https:\/\/pwk.ovh\/index.php\/wp-json\/wp\/v2\/users\/1"}],"replies":[{"embeddable":true,"href":"https:\/\/pwk.ovh\/index.php\/wp-json\/wp\/v2\/comments?post=168"}],"version-history":[{"count":7,"href":"https:\/\/pwk.ovh\/index.php\/wp-json\/wp\/v2\/pages\/168\/revisions"}],"predecessor-version":[{"id":241,"href":"https:\/\/pwk.ovh\/index.php\/wp-json\/wp\/v2\/pages\/168\/revisions\/241"}],"wp:attachment":[{"href":"https:\/\/pwk.ovh\/index.php\/wp-json\/wp\/v2\/media?parent=168"}],"curies":[{"name":"wp","href":"https:\/\/api.w.org\/{rel}","templated":true}]}}